{"id":5676,"date":"2023-02-14T08:15:30","date_gmt":"2023-02-14T08:15:30","guid":{"rendered":"https:\/\/www.dkbfoodsolutions.com\/dkb\/"},"modified":"2024-03-14T10:59:24","modified_gmt":"2024-03-14T10:59:24","slug":"dkb","status":"publish","type":"page","link":"https:\/\/www.dkbfoodsolutions.com\/de\/dkb\/","title":{"rendered":"DKB"},"content":{"rendered":"<p>[et_pb_section fb_built=&#8220;1&#8243; _builder_version=&#8220;4.20.2&#8243; _module_preset=&#8220;default&#8220; custom_padding=&#8220;200px||||false|false&#8220; global_colors_info=&#8220;{}&#8220;][et_pb_row _builder_version=&#8220;4.20.2&#8243; _module_preset=&#8220;default&#8220; global_colors_info=&#8220;{}&#8220;][et_pb_column type=&#8220;4_4&#8243; _builder_version=&#8220;4.20.2&#8243; _module_preset=&#8220;default&#8220; global_colors_info=&#8220;{}&#8220;][et_pb_video src=&#8220;https:\/\/vimeo.com\/825072884&#8243; image_src=&#8220;https:\/\/www.dkbfoodsolutions.com\/wp-content\/uploads\/2023\/10\/DKB-Who-we-are.jpg&#8220; _builder_version=&#8220;4.23&#8243; _module_preset=&#8220;default&#8220; custom_padding=&#8220;100px||65px||false|false&#8220; global_colors_info=&#8220;{}&#8220;][\/et_pb_video][et_pb_text _builder_version=&#8220;4.20.2&#8243; _module_preset=&#8220;default&#8220; custom_margin=&#8220;50px||||false|false&#8220; global_colors_info=&#8220;{}&#8220;]<\/p>\n<p>Klicken Sie auf das Bild, um die Animation in Aktion zu sehen.<\/p>\n<p>[\/et_pb_text][\/et_pb_column][\/et_pb_row][\/et_pb_section][et_pb_section fb_built=&#8220;1&#8243; _builder_version=&#8220;4.20.2&#8243; _module_preset=&#8220;default&#8220; background_color=&#8220;#e9e8e6&#8243; custom_margin=&#8220;||||false|false&#8220; custom_padding=&#8220;100px||100px||false|false&#8220; global_colors_info=&#8220;{}&#8220;][et_pb_row column_structure=&#8220;1_2,1_2&#8243; _builder_version=&#8220;4.19.5&#8243; _module_preset=&#8220;default&#8220; global_colors_info=&#8220;{}&#8220;][et_pb_column type=&#8220;1_2&#8243; _builder_version=&#8220;4.19.5&#8243; _module_preset=&#8220;default&#8220; global_colors_info=&#8220;{}&#8220;][et_pb_image src=&#8220;https:\/\/www.dkbfoodsolutions.com\/wp-content\/uploads\/2023\/03\/De-Korrel-Beheer-Mastermix-Coastal-Southern-BBQ-Burgertjes.jpg&#8220; alt=&#8220;De Korrel Beheer Mastermix Coastal Southern BBQ Burgertjes&#8220; _builder_version=&#8220;4.20.2&#8243; _module_preset=&#8220;default&#8220; global_colors_info=&#8220;{}&#8220;][\/et_pb_image][\/et_pb_column][et_pb_column type=&#8220;1_2&#8243; _builder_version=&#8220;4.19.5&#8243; _module_preset=&#8220;default&#8220; global_colors_info=&#8220;{}&#8220;][et_pb_divider color=&#8220;#1b1d58&#8243; divider_weight=&#8220;5px&#8220; _builder_version=&#8220;4.20.2&#8243; _module_preset=&#8220;default&#8220; width=&#8220;135px&#8220; custom_margin=&#8220;50px||25px||false|false&#8220; animation_style=&#8220;slide&#8220; animation_direction=&#8220;left&#8220; animation_duration=&#8220;1500ms&#8220; animation_delay=&#8220;10ms&#8220; animation_intensity_slide=&#8220;10%&#8220; global_colors_info=&#8220;{}&#8220;][\/et_pb_divider][et_pb_text _builder_version=&#8220;4.20.2&#8243; _module_preset=&#8220;default&#8220; header_2_font_size=&#8220;30px&#8220; header_2_line_height=&#8220;1.4em&#8220; animation_style=&#8220;slide&#8220; animation_direction=&#8220;right&#8220; animation_duration=&#8220;1500ms&#8220; animation_delay=&#8220;10ms&#8220; animation_intensity_slide=&#8220;10%&#8220; global_colors_info=&#8220;{}&#8220;]<\/p>\n<h2>World Player f\u00fcr schmackhafte Produkte<\/h2>\n<p>Kr\u00e4uter, Gew\u00fcrze, So\u00dfen, Paniermehl und viele andere Zutaten sind in jeder K\u00fcche zu finden und werden sowohl in Haushalten, Restaurants als auch in der Lebensmittelindustrie verwendet.<\/p>\n<p>Es ist so allt\u00e4glich, dass man kaum dar\u00fcber nachdenkt, aber es gibt weltweit mehrere Hersteller, die dies erm\u00f6glichen. <strong>Wir geh\u00f6ren zu diesen globalen Playern.<\/strong><\/p>\n<p>Indem wir nicht nur unsere Produkte, sondern auch unser Wissen und Know-how weitergeben, k\u00f6nnen wir gemeinsam mit unseren Kunden gro\u00dfartige Produkte und L\u00f6sungen entwickeln.<\/p>\n<p><strong>Eine unserer besonderen St\u00e4rken liegt darin, dass wir auch auf dieser Ebene individuelle L\u00f6sungen anbieten k\u00f6nnen.<\/strong><\/p>\n<p>[\/et_pb_text][et_pb_button button_url=&#8220;https:\/\/www.dkbfoodsolutions.com\/de\/kontakt\/&#8220; button_text=&#8220;Nehmen Sie Kontakt mit uns auf&#8220; _builder_version=&#8220;4.23&#8243; _module_preset=&#8220;default&#8220; custom_margin=&#8220;50px||50px||false|false&#8220; global_colors_info=&#8220;{}&#8220;][\/et_pb_button][\/et_pb_column][\/et_pb_row][\/et_pb_section][et_pb_section fb_built=&#8220;1&#8243; _builder_version=&#8220;4.20.2&#8243; _module_preset=&#8220;default&#8220; custom_margin=&#8220;25px||||false|false&#8220; custom_padding=&#8220;||100px||false|false&#8220; global_colors_info=&#8220;{}&#8220;][et_pb_row _builder_version=&#8220;4.19.5&#8243; _module_preset=&#8220;default&#8220; global_colors_info=&#8220;{}&#8220;][et_pb_column type=&#8220;4_4&#8243; _builder_version=&#8220;4.19.5&#8243; _module_preset=&#8220;default&#8220; global_colors_info=&#8220;{}&#8220;][et_pb_text _builder_version=&#8220;4.23.1&#8243; _module_preset=&#8220;default&#8220; header_2_font_size=&#8220;30px&#8220; animation_style=&#8220;slide&#8220; animation_direction=&#8220;right&#8220; animation_duration=&#8220;1500ms&#8220; animation_delay=&#8220;10ms&#8220; animation_intensity_slide=&#8220;10%&#8220; hover_enabled=&#8220;0&#8243; global_colors_info=&#8220;{}&#8220; sticky_enabled=&#8220;0&#8243;]<\/p>\n<h2>DKB<\/h2>\n<p>DKB Foodsolutions ist die Dachgesellschaft, die zwei Marken umfasst: ECS Paniermehlindustrie und MasterMix. Unsere Paniermehle werden unter dem Namen ECS Paniermehlindustrie vertrieben. Alle anderen Produkte, wie Gemacksstoffe, Coatings und funktionelle Mischungen werden unter der Marke MasterMix angeboten.<\/p>\n<p>Dank unserer innovativen und leistungsstarken Produktentwicklung sind wir in der Lage, nahezu alle unsere Produkte in unseren eigenen Fabriken herzustellen. Dabei legen wir gr\u00f6\u00dften Wert auf die Einhaltung der h\u00f6chsten Qualit\u00e4tsstandards der Lebensmittelindustrie. Um die Kommunikation effizient zu gestalten, verzichten wir in auf die Zusammenarbeit mit Agenturen. <strong>Dadurch haben Sie stets direkten Kontakt zu uns als Ursprung<\/strong>.<\/p>\n<p><strong>Um der schnell wachsende Nachfrage nach unseren Produkten zu erf\u00fcllen<\/strong>,haben wir in den vergangenen Jahren in neue Gesch\u00e4fts- und Produktionsst\u00e4tten investiert. Zudem haben wir unseren Fuhrpark erheblich erweitert.\u00a0<\/p>\n<p>Um Ihnen einen anschaulichen Eindruck zu vermitteln, laden wir Sie herzlich zu einem virtuellen Rundgang durch unsere Werke ein. Klicken Sie einfach auf die Schaltfl\u00e4che &#8222;Play&#8220; im Bild unten, um zu starten.<\/p>\n<p>[\/et_pb_text][et_pb_video src=&#8220;https:\/\/vimeo.com\/337522243&#8243; image_src=&#8220;https:\/\/www.dkbfoodsolutions.com\/wp-content\/uploads\/2023\/03\/De-Korrel-Beheer-DKB-we-know-your-taste-Holland-Netherlands-Europe-International.jpg&#8220; _builder_version=&#8220;4.20.2&#8243; _module_preset=&#8220;default&#8220; custom_margin=&#8220;75px||||false|false&#8220; global_colors_info=&#8220;{}&#8220;][\/et_pb_video][\/et_pb_column][\/et_pb_row][\/et_pb_section]<\/p>\n","protected":false},"excerpt":{"rendered":"<p>Klicken Sie auf das Bild, um die Animation in Aktion zu sehen.World Player f\u00fcr schmackhafte Produkte Kr\u00e4uter, Gew\u00fcrze, So\u00dfen, Paniermehl und viele andere Zutaten sind in jeder K\u00fcche zu finden und werden sowohl in Haushalten, Restaurants als auch in der Lebensmittelindustrie verwendet. Es ist so allt\u00e4glich, dass man kaum dar\u00fcber nachdenkt, aber es gibt weltweit [&hellip;]<\/p>\n","protected":false},"author":3,"featured_media":0,"parent":0,"menu_order":0,"comment_status":"closed","ping_status":"closed","template":"","meta":{"_et_pb_use_builder":"on","_et_pb_old_content":"","_et_gb_content_width":"","footnotes":""},"class_list":["post-5676","page","type-page","status-publish","hentry"],"yoast_head":"<!-- This site is optimized with the Yoast SEO plugin v27.5 - https:\/\/yoast.com\/product\/yoast-seo-wordpress\/ -->\n<title>DKB - DKB Foodsolutions<\/title>\n<meta name=\"robots\" content=\"index, follow, max-snippet:-1, max-image-preview:large, max-video-preview:-1\" \/>\n<link rel=\"canonical\" href=\"https:\/\/www.dkbfoodsolutions.com\/de\/dkb\/\" \/>\n<meta property=\"og:locale\" content=\"de_DE\" \/>\n<meta property=\"og:type\" content=\"article\" \/>\n<meta property=\"og:title\" content=\"DKB - DKB Foodsolutions\" \/>\n<meta property=\"og:description\" content=\"Klicken Sie auf das Bild, um die Animation in Aktion zu sehen.World Player f\u00fcr schmackhafte Produkte Kr\u00e4uter, Gew\u00fcrze, So\u00dfen, Paniermehl und viele andere Zutaten sind in jeder K\u00fcche zu finden und werden sowohl in Haushalten, Restaurants als auch in der Lebensmittelindustrie verwendet. Es ist so allt\u00e4glich, dass man kaum dar\u00fcber nachdenkt, aber es gibt weltweit [&hellip;]\" \/>\n<meta property=\"og:url\" content=\"https:\/\/www.dkbfoodsolutions.com\/de\/dkb\/\" \/>\n<meta property=\"og:site_name\" content=\"DKB Foodsolutions\" \/>\n<meta property=\"article:modified_time\" content=\"2024-03-14T10:59:24+00:00\" \/>\n<meta name=\"twitter:card\" content=\"summary_large_image\" \/>\n<meta name=\"twitter:label1\" content=\"Gesch\u00e4tzte Lesezeit\" \/>\n\t<meta name=\"twitter:data1\" content=\"4\u00a0Minuten\" \/>\n<script type=\"application\/ld+json\" class=\"yoast-schema-graph\">{\"@context\":\"https:\\\/\\\/schema.org\",\"@graph\":[{\"@type\":\"WebPage\",\"@id\":\"https:\\\/\\\/www.dkbfoodsolutions.com\\\/de\\\/dkb\\\/\",\"url\":\"https:\\\/\\\/www.dkbfoodsolutions.com\\\/de\\\/dkb\\\/\",\"name\":\"DKB - DKB Foodsolutions\",\"isPartOf\":{\"@id\":\"https:\\\/\\\/www.dkbfoodsolutions.com\\\/de\\\/#website\"},\"datePublished\":\"2023-02-14T08:15:30+00:00\",\"dateModified\":\"2024-03-14T10:59:24+00:00\",\"breadcrumb\":{\"@id\":\"https:\\\/\\\/www.dkbfoodsolutions.com\\\/de\\\/dkb\\\/#breadcrumb\"},\"inLanguage\":\"de\",\"potentialAction\":[{\"@type\":\"ReadAction\",\"target\":[\"https:\\\/\\\/www.dkbfoodsolutions.com\\\/de\\\/dkb\\\/\"]}]},{\"@type\":\"BreadcrumbList\",\"@id\":\"https:\\\/\\\/www.dkbfoodsolutions.com\\\/de\\\/dkb\\\/#breadcrumb\",\"itemListElement\":[{\"@type\":\"ListItem\",\"position\":1,\"name\":\"Home\",\"item\":\"https:\\\/\\\/www.dkbfoodsolutions.com\\\/de\\\/\"},{\"@type\":\"ListItem\",\"position\":2,\"name\":\"DKB\"}]},{\"@type\":\"WebSite\",\"@id\":\"https:\\\/\\\/www.dkbfoodsolutions.com\\\/de\\\/#website\",\"url\":\"https:\\\/\\\/www.dkbfoodsolutions.com\\\/de\\\/\",\"name\":\"DKB Foodsolutions\",\"description\":\"We know your taste\",\"potentialAction\":[{\"@type\":\"SearchAction\",\"target\":{\"@type\":\"EntryPoint\",\"urlTemplate\":\"https:\\\/\\\/www.dkbfoodsolutions.com\\\/de\\\/?s={search_term_string}\"},\"query-input\":{\"@type\":\"PropertyValueSpecification\",\"valueRequired\":true,\"valueName\":\"search_term_string\"}}],\"inLanguage\":\"de\"}]}<\/script>\n<!-- \/ Yoast SEO plugin. -->","yoast_head_json":{"title":"DKB - DKB Foodsolutions","robots":{"index":"index","follow":"follow","max-snippet":"max-snippet:-1","max-image-preview":"max-image-preview:large","max-video-preview":"max-video-preview:-1"},"canonical":"https:\/\/www.dkbfoodsolutions.com\/de\/dkb\/","og_locale":"de_DE","og_type":"article","og_title":"DKB - DKB Foodsolutions","og_description":"Klicken Sie auf das Bild, um die Animation in Aktion zu sehen.World Player f\u00fcr schmackhafte Produkte Kr\u00e4uter, Gew\u00fcrze, So\u00dfen, Paniermehl und viele andere Zutaten sind in jeder K\u00fcche zu finden und werden sowohl in Haushalten, Restaurants als auch in der Lebensmittelindustrie verwendet. Es ist so allt\u00e4glich, dass man kaum dar\u00fcber nachdenkt, aber es gibt weltweit [&hellip;]","og_url":"https:\/\/www.dkbfoodsolutions.com\/de\/dkb\/","og_site_name":"DKB Foodsolutions","article_modified_time":"2024-03-14T10:59:24+00:00","twitter_card":"summary_large_image","twitter_misc":{"Gesch\u00e4tzte Lesezeit":"4\u00a0Minuten"},"schema":{"@context":"https:\/\/schema.org","@graph":[{"@type":"WebPage","@id":"https:\/\/www.dkbfoodsolutions.com\/de\/dkb\/","url":"https:\/\/www.dkbfoodsolutions.com\/de\/dkb\/","name":"DKB - DKB Foodsolutions","isPartOf":{"@id":"https:\/\/www.dkbfoodsolutions.com\/de\/#website"},"datePublished":"2023-02-14T08:15:30+00:00","dateModified":"2024-03-14T10:59:24+00:00","breadcrumb":{"@id":"https:\/\/www.dkbfoodsolutions.com\/de\/dkb\/#breadcrumb"},"inLanguage":"de","potentialAction":[{"@type":"ReadAction","target":["https:\/\/www.dkbfoodsolutions.com\/de\/dkb\/"]}]},{"@type":"BreadcrumbList","@id":"https:\/\/www.dkbfoodsolutions.com\/de\/dkb\/#breadcrumb","itemListElement":[{"@type":"ListItem","position":1,"name":"Home","item":"https:\/\/www.dkbfoodsolutions.com\/de\/"},{"@type":"ListItem","position":2,"name":"DKB"}]},{"@type":"WebSite","@id":"https:\/\/www.dkbfoodsolutions.com\/de\/#website","url":"https:\/\/www.dkbfoodsolutions.com\/de\/","name":"DKB Foodsolutions","description":"We know your taste","potentialAction":[{"@type":"SearchAction","target":{"@type":"EntryPoint","urlTemplate":"https:\/\/www.dkbfoodsolutions.com\/de\/?s={search_term_string}"},"query-input":{"@type":"PropertyValueSpecification","valueRequired":true,"valueName":"search_term_string"}}],"inLanguage":"de"}]}},"_links":{"self":[{"href":"https:\/\/www.dkbfoodsolutions.com\/de\/wp-json\/wp\/v2\/pages\/5676","targetHints":{"allow":["GET"]}}],"collection":[{"href":"https:\/\/www.dkbfoodsolutions.com\/de\/wp-json\/wp\/v2\/pages"}],"about":[{"href":"https:\/\/www.dkbfoodsolutions.com\/de\/wp-json\/wp\/v2\/types\/page"}],"author":[{"embeddable":true,"href":"https:\/\/www.dkbfoodsolutions.com\/de\/wp-json\/wp\/v2\/users\/3"}],"replies":[{"embeddable":true,"href":"https:\/\/www.dkbfoodsolutions.com\/de\/wp-json\/wp\/v2\/comments?post=5676"}],"version-history":[{"count":15,"href":"https:\/\/www.dkbfoodsolutions.com\/de\/wp-json\/wp\/v2\/pages\/5676\/revisions"}],"predecessor-version":[{"id":7085,"href":"https:\/\/www.dkbfoodsolutions.com\/de\/wp-json\/wp\/v2\/pages\/5676\/revisions\/7085"}],"wp:attachment":[{"href":"https:\/\/www.dkbfoodsolutions.com\/de\/wp-json\/wp\/v2\/media?parent=5676"}],"curies":[{"name":"wp","href":"https:\/\/api.w.org\/{rel}","templated":true}]}}