{"id":6120,"date":"2023-04-15T07:59:02","date_gmt":"2023-04-15T07:59:02","guid":{"rendered":"https:\/\/www.dkbfoodsolutions.com\/trockene-marinades\/"},"modified":"2025-12-02T09:52:31","modified_gmt":"2025-12-02T09:52:31","slug":"trockene-marinades","status":"publish","type":"page","link":"https:\/\/www.dkbfoodsolutions.com\/de\/trockene-marinades\/","title":{"rendered":"Trockene Marinades"},"content":{"rendered":"<p>[et_pb_section fb_built=&#8220;1&#8243; _builder_version=&#8220;4.21.0&#8243; use_background_color_gradient=&#8220;on&#8220; background_color_gradient_direction=&#8220;87deg&#8220; background_color_gradient_stops=&#8220;rgba(0,0,0,0.69) 0%|rgba(255,255,255,0) 100%&#8220; background_color_gradient_overlays_image=&#8220;on&#8220; background_image=&#8220;https:\/\/www.dkbfoodsolutions.com\/wp-content\/uploads\/2023\/03\/De-Korrel-Beheer-DKB-Chilli-Yucatan.jpg&#8220; background_blend=&#8220;luminosity&#8220; min_height=&#8220;500px&#8220; min_height_tablet=&#8220;1000px&#8220; min_height_phone=&#8220;650px&#8220; min_height_last_edited=&#8220;on|phone&#8220; custom_margin=&#8220;||||false|false&#8220; custom_padding=&#8220;||||false|false&#8220; animation_style=&#8220;fade&#8220; background_last_edited=&#8220;on|phone&#8220; background_position_phone=&#8220;top_center&#8220; global_colors_info=&#8220;{}&#8220;][et_pb_row custom_padding_last_edited=&#8220;on|phone&#8220; _builder_version=&#8220;4.20.2&#8243; _module_preset=&#8220;default&#8220; positioning=&#8220;absolute&#8220; position_origin_a=&#8220;bottom_center&#8220; position_origin_f=&#8220;top_center&#8220; custom_margin=&#8220;||0px||false|false&#8220; custom_padding=&#8220;||0px||false|false&#8220; custom_padding_tablet=&#8220;||0px||false|false&#8220; custom_padding_phone=&#8220;||0px||false|false&#8220; global_colors_info=&#8220;{}&#8220;][et_pb_column type=&#8220;4_4&#8243; _builder_version=&#8220;4.17.4&#8243; _module_preset=&#8220;default&#8220; global_colors_info=&#8220;{}&#8220;][et_pb_image src=&#8220;https:\/\/www.dkbfoodsolutions.com\/wp-content\/uploads\/2023\/03\/Pijl-2.png&#8220; align=&#8220;center&#8220; _builder_version=&#8220;4.20.2&#8243; _module_preset=&#8220;default&#8220; transform_rotate=&#8220;0deg|0deg|222deg&#8220; width_tablet=&#8220;&#8220; width_phone=&#8220;25px&#8220; width_last_edited=&#8220;on|phone&#8220; custom_margin=&#8220;||||false|false&#8220; global_colors_info=&#8220;{}&#8220;][\/et_pb_image][et_pb_post_title meta=&#8220;off&#8220; date_format=&#8220;j F Y&#8220; featured_image=&#8220;off&#8220; _builder_version=&#8220;4.20.2&#8243; _module_preset=&#8220;default&#8220; title_level=&#8220;h2&#8243; title_font=&#8220;Montserrat|||on|||||&#8220; title_text_color=&#8220;rgba(255,255,255,0.6)&#8220; title_font_size=&#8220;88px&#8220; title_line_height=&#8220;1.1em&#8220; meta_font=&#8220;|||on|||||&#8220; meta_text_color=&#8220;#FFFFFF&#8220; custom_margin=&#8220;||-27px||false|false&#8220; custom_margin_tablet=&#8220;||-23px||false|false&#8220; custom_margin_phone=&#8220;||-7px||false|false&#8220; custom_margin_last_edited=&#8220;on|phone&#8220; custom_padding=&#8220;||0px||false|false&#8220; title_font_size_tablet=&#8220;66px&#8220; title_font_size_phone=&#8220;36px&#8220; title_font_size_last_edited=&#8220;on|phone&#8220; title_text_shadow_style=&#8220;preset1&#8243; global_colors_info=&#8220;{}&#8220;][\/et_pb_post_title][\/et_pb_column][\/et_pb_row][\/et_pb_section][et_pb_section fb_built=&#8220;1&#8243; _builder_version=&#8220;4.21.0&#8243; _module_preset=&#8220;default&#8220; background_enable_color=&#8220;off&#8220; background_image=&#8220;https:\/\/www.dkbfoodsolutions.com\/wp-content\/uploads\/2023\/08\/Recycle-paper-1.jpg&#8220; custom_margin=&#8220;||||false|false&#8220; custom_padding=&#8220;||||false|false&#8220; background_color_phone=&#8220;#FFFFFF&#8220; background_last_edited=&#8220;off|desktop&#8220; background_enable_color_phone=&#8220;on&#8220; global_colors_info=&#8220;{}&#8220;][et_pb_row _builder_version=&#8220;4.20.0&#8243; _module_preset=&#8220;default&#8220; global_colors_info=&#8220;{}&#8220;][et_pb_column type=&#8220;4_4&#8243; _builder_version=&#8220;4.20.0&#8243; _module_preset=&#8220;default&#8220; background_color=&#8220;RGBA(255,255,255,0)&#8220; global_colors_info=&#8220;{}&#8220;][et_pb_text _builder_version=&#8220;4.27.4&#8243; _module_preset=&#8220;default&#8220; custom_margin=&#8220;||50px||false|false&#8220; global_colors_info=&#8220;{}&#8220;]<\/p>\n<p><span>Eine Trockenmarinade enth\u00e4lt u. a. viele Kr\u00e4uter, Gew\u00fcrze, Salz und Zucker. Geschmacksrichtung. Geeignet f\u00fcr direkte Beheizung (Grill, BBQ, Ofen). <\/span><span>Eine ma\u00dfgeschneiderte Mischung, m\u00f6glich ab 350 kg.<\/span><\/p>\n<p>Die gezeigten Produkte dienen als Inspiration und zeigen unsere Geschmacksrichtungen und M\u00f6glichkeiten. Jedes Produkt wird schlie\u00dflich vollst\u00e4ndig ma\u00dfgeschneidert entwickelt, abgestimmt auf Ihre individuellen W\u00fcnsche.<\/p>\n<p>[\/et_pb_text][\/et_pb_column][\/et_pb_row][et_pb_row column_structure=&#8220;1_4,1_4,1_4,1_4&#8243; _builder_version=&#8220;4.20.0&#8243; _module_preset=&#8220;default&#8220; global_colors_info=&#8220;{}&#8220;][et_pb_column type=&#8220;1_4&#8243; _builder_version=&#8220;4.20.0&#8243; _module_preset=&#8220;default&#8220; global_colors_info=&#8220;{}&#8220;][et_pb_image src=&#8220;https:\/\/www.dkbfoodsolutions.com\/wp-content\/uploads\/2023\/04\/Master-Marinade-Crunchy-Coated-Chicken.jpg&#8220; title_text=&#8220;Master Marinade Crunchy Coated Chicken&#8220; url=&#8220;https:\/\/www.dkbfoodsolutions.com\/de\/project\/goujon-crunchy-coated-chicken\/&#8220; _builder_version=&#8220;4.27.4&#8243; _module_preset=&#8220;default&#8220; border_radii=&#8220;on|300px|300px|300px|300px&#8220; global_colors_info=&#8220;{}&#8220;][\/et_pb_image][et_pb_text _builder_version=&#8220;4.24.3&#8243; _module_preset=&#8220;default&#8220; text_font_size=&#8220;17px&#8220; header_2_font_size=&#8220;20px&#8220; custom_margin=&#8220;||50px||false|false&#8220; global_colors_info=&#8220;{}&#8220;]<\/p>\n<h2 style=\"text-align: center;\">Master Marinade Crunchy Coated Chicken<\/h2>\n<div id=\"main\" class=\"sidebar-none sidebar-divider-vertical\">\n<div class=\"wf-wrap\">\n<div class=\"wf-container-main\">\n<div id=\"content\" class=\"content\" role=\"main\">\n<div class=\"stripe stripe-style-1\">\n<div class=\"vc_row wpb_row vc_row-fluid\">\n<div class=\"wpb_column vc_column_container vc_col-sm-9\">\n<div class=\"vc_column-inner\">\n<div class=\"wpb_wrapper\">\n<div class=\"wpb_text_column wpb_content_element vc_custom_1651565250648\">\n<div class=\"wpb_wrapper\">\n<p style=\"text-align: center;\">Basismarinade f\u00fcr ein mild gew\u00fcrztes St\u00fcck H\u00e4hnchen.<\/p>\n<\/div>\n<\/div>\n<div class=\"ult-spacer spacer-64daaf1a5267d\" data-id=\"64daaf1a5267d\" data-height=\"0\" data-height-mobile=\"30\" data-height-tab=\"30\" data-height-tab-portrait=\"30\" data-height-mobile-landscape=\"30\"><\/div>\n<\/div>\n<\/div>\n<\/div>\n<\/div>\n<\/div>\n<p><span class=\"cp-load-after-post\"><\/span><\/p>\n<\/div>\n<\/div>\n<\/div>\n<\/div>\n<footer id=\"footer\" class=\"footer solid-bg\">\n<div class=\"wf-wrap\">\n<div class=\"wf-container-footer\">\n<div class=\"wf-container\">\n<section id=\"text-3\" class=\"widget widget_text wf-cell wf-1-4\">\n<div class=\"textwidget\"><\/div>\n<\/section>\n<\/div>\n<\/div>\n<\/div>\n<\/footer>\n<p>[\/et_pb_text][\/et_pb_column][et_pb_column type=&#8220;1_4&#8243; _builder_version=&#8220;4.20.0&#8243; _module_preset=&#8220;default&#8220; global_colors_info=&#8220;{}&#8220;][et_pb_image src=&#8220;https:\/\/www.dkbfoodsolutions.com\/wp-content\/uploads\/2023\/04\/Master-Marinade-Banh-Mi.jpg&#8220; title_text=&#8220;Master Marinade Banh Mi&#8220; url=&#8220;https:\/\/www.dkbfoodsolutions.com\/de\/project\/banh-mi-sandwich\/&#8220; _builder_version=&#8220;4.27.4&#8243; _module_preset=&#8220;default&#8220; border_radii=&#8220;on|300px|300px|300px|300px&#8220; global_colors_info=&#8220;{}&#8220;][\/et_pb_image][et_pb_text _builder_version=&#8220;4.27.4&#8243; _module_preset=&#8220;default&#8220; text_font_size=&#8220;17px&#8220; header_2_font_size=&#8220;20px&#8220; custom_margin=&#8220;||50px||false|false&#8220; hover_enabled=&#8220;0&#8243; global_colors_info=&#8220;{}&#8220; sticky_enabled=&#8220;0&#8243;]<\/p>\n<h2 style=\"text-align: center;\">Master Marinade Bahn Mi<\/h2>\n<div id=\"main\" class=\"sidebar-none sidebar-divider-vertical\">\n<div class=\"wf-wrap\">\n<div class=\"wf-container-main\">\n<div id=\"content\" class=\"content\" role=\"main\">\n<div class=\"stripe stripe-style-1\">\n<div class=\"vc_row wpb_row vc_row-fluid\">\n<div class=\"wpb_column vc_column_container vc_col-sm-9\">\n<div class=\"vc_column-inner\">\n<div class=\"wpb_wrapper\">\n<div class=\"wpb_text_column wpb_content_element vc_custom_1651565250648\">\n<div class=\"wpb_wrapper\">\n<p style=\"text-align: center;\">Eine vietnamesische Trockenmarinade, die aus Soja, Fisch und verschiedenen Kr\u00e4utern und Gew\u00fcrzen hergestellt wird.<\/p>\n<\/div>\n<\/div>\n<div class=\"ult-spacer spacer-64daaf1a5267d\" data-id=\"64daaf1a5267d\" data-height=\"0\" data-height-mobile=\"30\" data-height-tab=\"30\" data-height-tab-portrait=\"30\" data-height-mobile-landscape=\"30\"><\/div>\n<\/div>\n<\/div>\n<\/div>\n<\/div>\n<\/div>\n<p><span class=\"cp-load-after-post\"><\/span><\/p>\n<\/div>\n<\/div>\n<\/div>\n<\/div>\n<footer id=\"footer\" class=\"footer solid-bg\">\n<div class=\"wf-wrap\">\n<div class=\"wf-container-footer\">\n<div class=\"wf-container\">\n<section id=\"text-3\" class=\"widget widget_text wf-cell wf-1-4\">\n<div class=\"textwidget\"><\/div>\n<\/section>\n<\/div>\n<\/div>\n<\/div>\n<\/footer>\n<p>[\/et_pb_text][\/et_pb_column][et_pb_column type=&#8220;1_4&#8243; _builder_version=&#8220;4.20.0&#8243; _module_preset=&#8220;default&#8220; global_colors_info=&#8220;{}&#8220;][\/et_pb_column][et_pb_column type=&#8220;1_4&#8243; _builder_version=&#8220;4.21.0&#8243; _module_preset=&#8220;default&#8220; global_colors_info=&#8220;{}&#8220;][\/et_pb_column][\/et_pb_row][\/et_pb_section]<\/p>\n","protected":false},"excerpt":{"rendered":"<p>Eine Trockenmarinade enth\u00e4lt u. a. viele Kr\u00e4uter, Gew\u00fcrze, Salz und Zucker. Geschmacksrichtung. Geeignet f\u00fcr direkte Beheizung (Grill, BBQ, Ofen). Eine ma\u00dfgeschneiderte Mischung, m\u00f6glich ab 350 kg. Die gezeigten Produkte dienen als Inspiration und zeigen unsere Geschmacksrichtungen und M\u00f6glichkeiten. Jedes Produkt wird schlie\u00dflich vollst\u00e4ndig ma\u00dfgeschneidert entwickelt, abgestimmt auf Ihre individuellen W\u00fcnsche.Master Marinade Crunchy Coated Chicken Basismarinade [&hellip;]<\/p>\n","protected":false},"author":3,"featured_media":0,"parent":0,"menu_order":0,"comment_status":"closed","ping_status":"closed","template":"","meta":{"_et_pb_use_builder":"on","_et_pb_old_content":"","_et_gb_content_width":"","footnotes":""},"class_list":["post-6120","page","type-page","status-publish","hentry"],"yoast_head":"<!-- This site is optimized with the Yoast SEO plugin v27.3 - https:\/\/yoast.com\/product\/yoast-seo-wordpress\/ -->\n<title>Trockene Marinades - DKB Foodsolutions<\/title>\n<meta name=\"robots\" content=\"index, follow, max-snippet:-1, max-image-preview:large, max-video-preview:-1\" \/>\n<link rel=\"canonical\" href=\"https:\/\/www.dkbfoodsolutions.com\/de\/trockene-marinades\/\" \/>\n<meta property=\"og:locale\" content=\"de_DE\" \/>\n<meta property=\"og:type\" content=\"article\" \/>\n<meta property=\"og:title\" content=\"Trockene Marinades - DKB Foodsolutions\" \/>\n<meta property=\"og:description\" content=\"Eine Trockenmarinade enth\u00e4lt u. a. viele Kr\u00e4uter, Gew\u00fcrze, Salz und Zucker. Geschmacksrichtung. Geeignet f\u00fcr direkte Beheizung (Grill, BBQ, Ofen). Eine ma\u00dfgeschneiderte Mischung, m\u00f6glich ab 350 kg. Die gezeigten Produkte dienen als Inspiration und zeigen unsere Geschmacksrichtungen und M\u00f6glichkeiten. Jedes Produkt wird schlie\u00dflich vollst\u00e4ndig ma\u00dfgeschneidert entwickelt, abgestimmt auf Ihre individuellen W\u00fcnsche.Master Marinade Crunchy Coated Chicken Basismarinade [&hellip;]\" \/>\n<meta property=\"og:url\" content=\"https:\/\/www.dkbfoodsolutions.com\/de\/trockene-marinades\/\" \/>\n<meta property=\"og:site_name\" content=\"DKB Foodsolutions\" \/>\n<meta property=\"article:modified_time\" content=\"2025-12-02T09:52:31+00:00\" \/>\n<meta name=\"twitter:card\" content=\"summary_large_image\" \/>\n<meta name=\"twitter:label1\" content=\"Gesch\u00e4tzte Lesezeit\" \/>\n\t<meta name=\"twitter:data1\" content=\"4\u00a0Minuten\" \/>\n<script type=\"application\/ld+json\" class=\"yoast-schema-graph\">{\"@context\":\"https:\\\/\\\/schema.org\",\"@graph\":[{\"@type\":\"WebPage\",\"@id\":\"https:\\\/\\\/www.dkbfoodsolutions.com\\\/de\\\/trockene-marinades\\\/\",\"url\":\"https:\\\/\\\/www.dkbfoodsolutions.com\\\/de\\\/trockene-marinades\\\/\",\"name\":\"Trockene Marinades - DKB Foodsolutions\",\"isPartOf\":{\"@id\":\"https:\\\/\\\/www.dkbfoodsolutions.com\\\/de\\\/#website\"},\"datePublished\":\"2023-04-15T07:59:02+00:00\",\"dateModified\":\"2025-12-02T09:52:31+00:00\",\"breadcrumb\":{\"@id\":\"https:\\\/\\\/www.dkbfoodsolutions.com\\\/de\\\/trockene-marinades\\\/#breadcrumb\"},\"inLanguage\":\"de\",\"potentialAction\":[{\"@type\":\"ReadAction\",\"target\":[\"https:\\\/\\\/www.dkbfoodsolutions.com\\\/de\\\/trockene-marinades\\\/\"]}]},{\"@type\":\"BreadcrumbList\",\"@id\":\"https:\\\/\\\/www.dkbfoodsolutions.com\\\/de\\\/trockene-marinades\\\/#breadcrumb\",\"itemListElement\":[{\"@type\":\"ListItem\",\"position\":1,\"name\":\"Home\",\"item\":\"https:\\\/\\\/www.dkbfoodsolutions.com\\\/de\\\/\"},{\"@type\":\"ListItem\",\"position\":2,\"name\":\"Trockene Marinades\"}]},{\"@type\":\"WebSite\",\"@id\":\"https:\\\/\\\/www.dkbfoodsolutions.com\\\/de\\\/#website\",\"url\":\"https:\\\/\\\/www.dkbfoodsolutions.com\\\/de\\\/\",\"name\":\"DKB Foodsolutions\",\"description\":\"We know your taste\",\"potentialAction\":[{\"@type\":\"SearchAction\",\"target\":{\"@type\":\"EntryPoint\",\"urlTemplate\":\"https:\\\/\\\/www.dkbfoodsolutions.com\\\/de\\\/?s={search_term_string}\"},\"query-input\":{\"@type\":\"PropertyValueSpecification\",\"valueRequired\":true,\"valueName\":\"search_term_string\"}}],\"inLanguage\":\"de\"}]}<\/script>\n<!-- \/ Yoast SEO plugin. -->","yoast_head_json":{"title":"Trockene Marinades - DKB Foodsolutions","robots":{"index":"index","follow":"follow","max-snippet":"max-snippet:-1","max-image-preview":"max-image-preview:large","max-video-preview":"max-video-preview:-1"},"canonical":"https:\/\/www.dkbfoodsolutions.com\/de\/trockene-marinades\/","og_locale":"de_DE","og_type":"article","og_title":"Trockene Marinades - DKB Foodsolutions","og_description":"Eine Trockenmarinade enth\u00e4lt u. a. viele Kr\u00e4uter, Gew\u00fcrze, Salz und Zucker. Geschmacksrichtung. Geeignet f\u00fcr direkte Beheizung (Grill, BBQ, Ofen). Eine ma\u00dfgeschneiderte Mischung, m\u00f6glich ab 350 kg. Die gezeigten Produkte dienen als Inspiration und zeigen unsere Geschmacksrichtungen und M\u00f6glichkeiten. Jedes Produkt wird schlie\u00dflich vollst\u00e4ndig ma\u00dfgeschneidert entwickelt, abgestimmt auf Ihre individuellen W\u00fcnsche.Master Marinade Crunchy Coated Chicken Basismarinade [&hellip;]","og_url":"https:\/\/www.dkbfoodsolutions.com\/de\/trockene-marinades\/","og_site_name":"DKB Foodsolutions","article_modified_time":"2025-12-02T09:52:31+00:00","twitter_card":"summary_large_image","twitter_misc":{"Gesch\u00e4tzte Lesezeit":"4\u00a0Minuten"},"schema":{"@context":"https:\/\/schema.org","@graph":[{"@type":"WebPage","@id":"https:\/\/www.dkbfoodsolutions.com\/de\/trockene-marinades\/","url":"https:\/\/www.dkbfoodsolutions.com\/de\/trockene-marinades\/","name":"Trockene Marinades - DKB Foodsolutions","isPartOf":{"@id":"https:\/\/www.dkbfoodsolutions.com\/de\/#website"},"datePublished":"2023-04-15T07:59:02+00:00","dateModified":"2025-12-02T09:52:31+00:00","breadcrumb":{"@id":"https:\/\/www.dkbfoodsolutions.com\/de\/trockene-marinades\/#breadcrumb"},"inLanguage":"de","potentialAction":[{"@type":"ReadAction","target":["https:\/\/www.dkbfoodsolutions.com\/de\/trockene-marinades\/"]}]},{"@type":"BreadcrumbList","@id":"https:\/\/www.dkbfoodsolutions.com\/de\/trockene-marinades\/#breadcrumb","itemListElement":[{"@type":"ListItem","position":1,"name":"Home","item":"https:\/\/www.dkbfoodsolutions.com\/de\/"},{"@type":"ListItem","position":2,"name":"Trockene Marinades"}]},{"@type":"WebSite","@id":"https:\/\/www.dkbfoodsolutions.com\/de\/#website","url":"https:\/\/www.dkbfoodsolutions.com\/de\/","name":"DKB Foodsolutions","description":"We know your taste","potentialAction":[{"@type":"SearchAction","target":{"@type":"EntryPoint","urlTemplate":"https:\/\/www.dkbfoodsolutions.com\/de\/?s={search_term_string}"},"query-input":{"@type":"PropertyValueSpecification","valueRequired":true,"valueName":"search_term_string"}}],"inLanguage":"de"}]}},"_links":{"self":[{"href":"https:\/\/www.dkbfoodsolutions.com\/de\/wp-json\/wp\/v2\/pages\/6120","targetHints":{"allow":["GET"]}}],"collection":[{"href":"https:\/\/www.dkbfoodsolutions.com\/de\/wp-json\/wp\/v2\/pages"}],"about":[{"href":"https:\/\/www.dkbfoodsolutions.com\/de\/wp-json\/wp\/v2\/types\/page"}],"author":[{"embeddable":true,"href":"https:\/\/www.dkbfoodsolutions.com\/de\/wp-json\/wp\/v2\/users\/3"}],"replies":[{"embeddable":true,"href":"https:\/\/www.dkbfoodsolutions.com\/de\/wp-json\/wp\/v2\/comments?post=6120"}],"version-history":[{"count":7,"href":"https:\/\/www.dkbfoodsolutions.com\/de\/wp-json\/wp\/v2\/pages\/6120\/revisions"}],"predecessor-version":[{"id":8756,"href":"https:\/\/www.dkbfoodsolutions.com\/de\/wp-json\/wp\/v2\/pages\/6120\/revisions\/8756"}],"wp:attachment":[{"href":"https:\/\/www.dkbfoodsolutions.com\/de\/wp-json\/wp\/v2\/media?parent=6120"}],"curies":[{"name":"wp","href":"https:\/\/api.w.org\/{rel}","templated":true}]}}