{"id":6148,"date":"2023-04-15T07:59:40","date_gmt":"2023-04-15T07:59:40","guid":{"rendered":"https:\/\/www.dkbfoodsolutions.com\/batters\/"},"modified":"2026-01-06T11:15:51","modified_gmt":"2026-01-06T11:15:51","slug":"teige","status":"publish","type":"page","link":"https:\/\/www.dkbfoodsolutions.com\/de\/teige\/","title":{"rendered":"Batters"},"content":{"rendered":"<p>[et_pb_section fb_built=&#8220;1&#8243; _builder_version=&#8220;4.21.0&#8243; use_background_color_gradient=&#8220;on&#8220; background_color_gradient_direction=&#8220;87deg&#8220; background_color_gradient_stops=&#8220;rgba(0,0,0,0.69) 0%|rgba(255,255,255,0) 100%&#8220; background_color_gradient_overlays_image=&#8220;on&#8220; background_image=&#8220;https:\/\/www.dkbfoodsolutions.com\/wp-content\/uploads\/2023\/03\/De-Korrel-Beheer-DKB-Chilli-Yucatan.jpg&#8220; background_blend=&#8220;luminosity&#8220; min_height=&#8220;500px&#8220; min_height_tablet=&#8220;1000px&#8220; min_height_phone=&#8220;650px&#8220; min_height_last_edited=&#8220;on|phone&#8220; custom_margin=&#8220;||||false|false&#8220; custom_padding=&#8220;||||false|false&#8220; animation_style=&#8220;fade&#8220; background_last_edited=&#8220;on|phone&#8220; background_position_phone=&#8220;top_center&#8220; global_colors_info=&#8220;{}&#8220;][et_pb_row custom_padding_last_edited=&#8220;on|phone&#8220; _builder_version=&#8220;4.20.2&#8243; _module_preset=&#8220;default&#8220; positioning=&#8220;absolute&#8220; position_origin_a=&#8220;bottom_center&#8220; position_origin_f=&#8220;top_center&#8220; custom_margin=&#8220;||0px||false|false&#8220; custom_padding=&#8220;||0px||false|false&#8220; custom_padding_tablet=&#8220;||0px||false|false&#8220; custom_padding_phone=&#8220;||0px||false|false&#8220; global_colors_info=&#8220;{}&#8220;][et_pb_column type=&#8220;4_4&#8243; _builder_version=&#8220;4.17.4&#8243; _module_preset=&#8220;default&#8220; global_colors_info=&#8220;{}&#8220;][et_pb_image src=&#8220;https:\/\/www.dkbfoodsolutions.com\/wp-content\/uploads\/2023\/03\/Pijl-2.png&#8220; align=&#8220;center&#8220; _builder_version=&#8220;4.20.2&#8243; _module_preset=&#8220;default&#8220; transform_rotate=&#8220;0deg|0deg|222deg&#8220; width_tablet=&#8220;&#8220; width_phone=&#8220;25px&#8220; width_last_edited=&#8220;on|phone&#8220; custom_margin=&#8220;||||false|false&#8220; global_colors_info=&#8220;{}&#8220;][\/et_pb_image][et_pb_post_title meta=&#8220;off&#8220; date_format=&#8220;j F Y&#8220; featured_image=&#8220;off&#8220; _builder_version=&#8220;4.20.2&#8243; _module_preset=&#8220;default&#8220; title_level=&#8220;h2&#8243; title_font=&#8220;Montserrat|||on|||||&#8220; title_text_color=&#8220;rgba(255,255,255,0.6)&#8220; title_font_size=&#8220;88px&#8220; title_line_height=&#8220;1.1em&#8220; meta_font=&#8220;|||on|||||&#8220; meta_text_color=&#8220;#FFFFFF&#8220; custom_margin=&#8220;||-27px||false|false&#8220; custom_margin_tablet=&#8220;||-23px||false|false&#8220; custom_margin_phone=&#8220;||-7px||false|false&#8220; custom_margin_last_edited=&#8220;on|phone&#8220; custom_padding=&#8220;||0px||false|false&#8220; title_font_size_tablet=&#8220;66px&#8220; title_font_size_phone=&#8220;36px&#8220; title_font_size_last_edited=&#8220;on|phone&#8220; title_text_shadow_style=&#8220;preset1&#8243; global_colors_info=&#8220;{}&#8220;][\/et_pb_post_title][\/et_pb_column][\/et_pb_row][\/et_pb_section][et_pb_section fb_built=&#8220;1&#8243; _builder_version=&#8220;4.21.0&#8243; _module_preset=&#8220;default&#8220; background_enable_color=&#8220;off&#8220; background_image=&#8220;https:\/\/www.dkbfoodsolutions.com\/wp-content\/uploads\/2023\/08\/Recycle-paper-1.jpg&#8220; custom_margin=&#8220;||||false|false&#8220; custom_padding=&#8220;||||false|false&#8220; background_color_phone=&#8220;#FFFFFF&#8220; background_last_edited=&#8220;off|desktop&#8220; background_enable_color_phone=&#8220;on&#8220; global_colors_info=&#8220;{}&#8220;][et_pb_row _builder_version=&#8220;4.20.0&#8243; _module_preset=&#8220;default&#8220; global_colors_info=&#8220;{}&#8220;][et_pb_column type=&#8220;4_4&#8243; _builder_version=&#8220;4.20.0&#8243; _module_preset=&#8220;default&#8220; background_color=&#8220;RGBA(255,255,255,0)&#8220; global_colors_info=&#8220;{}&#8220;][et_pb_text _builder_version=&#8220;4.27.4&#8243; _module_preset=&#8220;default&#8220; custom_margin=&#8220;||50px||false|false&#8220; global_colors_info=&#8220;{}&#8220;]<\/p>\n<p>Nasspanaden sind Mischungen auf der Basis von Mehl und St\u00e4rke mit eventuell zugesetzten Kr\u00e4utern und\/oder funktionellen Zusatzstoffen. Der Zweck dieser Produkte besteht darin, das Paniermehl festzuhalten.<\/p>\n<p>Die gezeigten Produkte dienen als Inspiration und zeigen unsere Geschmacksrichtungen und M\u00f6glichkeiten. Jedes Produkt wird schlie\u00dflich vollst\u00e4ndig ma\u00dfgeschneidert entwickelt, abgestimmt auf Ihre individuellen W\u00fcnsche.<\/p>\n<p>[\/et_pb_text][\/et_pb_column][\/et_pb_row][et_pb_row column_structure=&#8220;1_4,1_4,1_4,1_4&#8243; _builder_version=&#8220;4.20.0&#8243; _module_preset=&#8220;default&#8220; global_colors_info=&#8220;{}&#8220;][et_pb_column type=&#8220;1_4&#8243; _builder_version=&#8220;4.20.0&#8243; _module_preset=&#8220;default&#8220; global_colors_info=&#8220;{}&#8220;][et_pb_image src=&#8220;https:\/\/www.dkbfoodsolutions.com\/wp-content\/uploads\/2023\/04\/Battermix-Camembert.jpg&#8220; title_text=&#8220;Battermix Camembert&#8220; _builder_version=&#8220;4.27.4&#8243; _module_preset=&#8220;default&#8220; border_radii=&#8220;on|300px|300px|300px|300px&#8220; global_colors_info=&#8220;{}&#8220;][\/et_pb_image][et_pb_text _builder_version=&#8220;4.24.3&#8243; _module_preset=&#8220;default&#8220; text_font_size=&#8220;17px&#8220; header_2_font_size=&#8220;20px&#8220; custom_margin=&#8220;||50px||false|false&#8220; global_colors_info=&#8220;{}&#8220;]<\/p>\n<h3 style=\"text-align: center;\">Battermix Camembert<\/h3>\n<p style=\"text-align: center;\">Die Nasspanade Camembert ist ein Spezialteig, der sich hervorragend zum \u00dcberziehen von K\u00e4seprodukten eignet.<\/p>\n<p>[\/et_pb_text][\/et_pb_column][et_pb_column type=&#8220;1_4&#8243; _builder_version=&#8220;4.20.0&#8243; _module_preset=&#8220;default&#8220; global_colors_info=&#8220;{}&#8220;][et_pb_image src=&#8220;https:\/\/www.dkbfoodsolutions.com\/wp-content\/uploads\/2023\/04\/Battermix-Onion.jpg&#8220; title_text=&#8220;Battermix Onion&#8220; url=&#8220;https:\/\/www.dkbfoodsolutions.com\/de\/project\/zwiebelringe\/&#8220; align=&#8220;center&#8220; _builder_version=&#8220;4.27.4&#8243; _module_preset=&#8220;default&#8220; module_alignment=&#8220;center&#8220; border_radii=&#8220;on|300px|300px|300px|300px&#8220; global_colors_info=&#8220;{}&#8220;][\/et_pb_image][et_pb_text _builder_version=&#8220;4.24.3&#8243; _module_preset=&#8220;default&#8220; text_font_size=&#8220;17px&#8220; header_2_font_size=&#8220;20px&#8220; custom_margin=&#8220;||50px||false|false&#8220; global_colors_info=&#8220;{}&#8220;]<\/p>\n<h2 style=\"text-align: center;\">Battermix Onion Rings<\/h2>\n<p style=\"text-align: center;\">Dieser Teig besteht unter anderem aus Mehl, Weizen und Mais, aber auch Kr\u00e4utern und Gew\u00fcrzen. Dadurch entsteht eine sch\u00f6ne goldgelbe Kruste.<\/p>\n<p>[\/et_pb_text][\/et_pb_column][et_pb_column type=&#8220;1_4&#8243; _builder_version=&#8220;4.20.0&#8243; _module_preset=&#8220;default&#8220; global_colors_info=&#8220;{}&#8220;][et_pb_image src=&#8220;https:\/\/www.dkbfoodsolutions.com\/wp-content\/uploads\/2023\/04\/Battermix-Potato-Snack.jpg&#8220; title_text=&#8220;Battermix Potato Snack&#8220; url=&#8220;https:\/\/www.dkbfoodsolutions.com\/de\/project\/kartoffel-snack\/&#8220; align=&#8220;center&#8220; _builder_version=&#8220;4.27.4&#8243; _module_preset=&#8220;default&#8220; border_radii=&#8220;on|300px|300px|300px|300px&#8220; global_colors_info=&#8220;{}&#8220;][\/et_pb_image][et_pb_text _builder_version=&#8220;4.27.4&#8243; _module_preset=&#8220;default&#8220; text_font_size=&#8220;17px&#8220; header_2_font_size=&#8220;20px&#8220; custom_margin=&#8220;||50px||false|false&#8220; hover_enabled=&#8220;0&#8243; global_colors_info=&#8220;{}&#8220; sticky_enabled=&#8220;0&#8243;]<\/p>\n<h2 style=\"text-align: center;\"><span>Battermix Potato Snack<\/span><\/h2>\n<p style=\"text-align: center;\">Diese Mischung aus Weizenmehl und St\u00e4rke sorgt f\u00fcr eine gute Haftung<br \/>des Paniermehls und verleiht dem Kartoffelsnack dadurch eine sch\u00f6ne Knusprigkeit.<\/p>\n<p>[\/et_pb_text][\/et_pb_column][et_pb_column type=&#8220;1_4&#8243; _builder_version=&#8220;4.21.0&#8243; _module_preset=&#8220;default&#8220; global_colors_info=&#8220;{}&#8220;][et_pb_image src=&#8220;https:\/\/www.dkbfoodsolutions.com\/wp-content\/uploads\/2023\/04\/Battermix-B20-Vegetarian-Fish-Treat.jpg&#8220; title_text=&#8220;Battermix B20 &#8211; Vegetarian Fish Treat&#8220; url=&#8220;https:\/\/www.dkbfoodsolutions.com\/de\/project\/vegetarier-fischueberraschung\/&#8220; align=&#8220;center&#8220; _builder_version=&#8220;4.27.4&#8243; _module_preset=&#8220;default&#8220; border_radii=&#8220;on|300px|300px|300px|300px&#8220; global_colors_info=&#8220;{}&#8220;][\/et_pb_image][et_pb_text _builder_version=&#8220;4.24.3&#8243; _module_preset=&#8220;default&#8220; text_font_size=&#8220;17px&#8220; header_2_font_size=&#8220;20px&#8220; custom_margin=&#8220;||50px||false|false&#8220; global_colors_info=&#8220;{}&#8220;]<\/p>\n<h2 style=\"text-align: center;\">Batter Vegetarian Fish Treat<\/h2>\n<p style=\"text-align: center;\">Dieser Teig eignet sich allgemein f\u00fcr die Zubereitung vegetarischer Produkte. Es besteht aus verschiedenen Mehlsorten, St\u00e4rke und Salz.<\/p>\n<p>[\/et_pb_text][\/et_pb_column][\/et_pb_row][et_pb_row column_structure=&#8220;1_4,1_4,1_4,1_4&#8243; _builder_version=&#8220;4.20.0&#8243; _module_preset=&#8220;default&#8220; global_colors_info=&#8220;{}&#8220;][et_pb_column type=&#8220;1_4&#8243; _builder_version=&#8220;4.20.0&#8243; _module_preset=&#8220;default&#8220; global_colors_info=&#8220;{}&#8220;][et_pb_image src=&#8220;https:\/\/www.dkbfoodsolutions.com\/wp-content\/uploads\/2023\/04\/Battermix-B20-Vegetarian-Fish-Treat.jpg&#8220; title_text=&#8220;Battermix B20 &#8211; Vegetarian Fish Treat&#8220; url=&#8220;https:\/\/www.dkbfoodsolutions.com\/de\/project\/mediterrane-knusprige-stuecken\/&#8220; _builder_version=&#8220;4.27.4&#8243; _module_preset=&#8220;default&#8220; border_radii=&#8220;on|300px|300px|300px|300px&#8220; global_colors_info=&#8220;{}&#8220;][\/et_pb_image][et_pb_text _builder_version=&#8220;4.24.3&#8243; _module_preset=&#8220;default&#8220; text_font_size=&#8220;17px&#8220; header_2_font_size=&#8220;20px&#8220; custom_margin=&#8220;||50px||false|false&#8220; global_colors_info=&#8220;{}&#8220;]<\/p>\n<h2 style=\"text-align: center;\">Battermix B20<\/h2>\n<p style=\"text-align: center;\">Dieser Teig sorgt daf\u00fcr, dass die Produkte auch im Ofen sch\u00f6n knusprig werden.<\/p>\n<p>[\/et_pb_text][\/et_pb_column][et_pb_column type=&#8220;1_4&#8243; _builder_version=&#8220;4.20.0&#8243; _module_preset=&#8220;default&#8220; global_colors_info=&#8220;{}&#8220;][et_pb_image src=&#8220;https:\/\/www.dkbfoodsolutions.com\/wp-content\/uploads\/2023\/04\/Batter-Crunchy-Coated-Chicken.jpg&#8220; title_text=&#8220;Batter Crunchy Coated Chicken&#8220; url=&#8220;https:\/\/www.dkbfoodsolutions.com\/de\/project\/goujon-crunchy-coated-chicken\/&#8220; align=&#8220;center&#8220; _builder_version=&#8220;4.27.4&#8243; _module_preset=&#8220;default&#8220; module_alignment=&#8220;center&#8220; border_radii=&#8220;on|300px|300px|300px|300px&#8220; global_colors_info=&#8220;{}&#8220;][\/et_pb_image][et_pb_text _builder_version=&#8220;4.24.3&#8243; _module_preset=&#8220;default&#8220; text_font_size=&#8220;17px&#8220; header_2_font_size=&#8220;20px&#8220; custom_margin=&#8220;||50px||false|false&#8220; global_colors_info=&#8220;{}&#8220;]<\/p>\n<h2 style=\"text-align: center;\">Battermix Crunchy Coated Chicken<\/h2>\n<p style=\"text-align: center;\">Diese Teigmischung ist eine Kombination aus Weizenmehl, Weizen- und Maisst\u00e4rke und Salz.<\/p>\n<p>[\/et_pb_text][\/et_pb_column][et_pb_column type=&#8220;1_4&#8243; _builder_version=&#8220;4.20.0&#8243; _module_preset=&#8220;default&#8220; global_colors_info=&#8220;{}&#8220;][et_pb_image src=&#8220;https:\/\/www.dkbfoodsolutions.com\/wp-content\/uploads\/2023\/04\/Battermix-B20-Vegetarian-Fish-Treat.jpg&#8220; title_text=&#8220;Battermix B20 &#8211; Vegetarian Fish Treat&#8220; url=&#8220;https:\/\/www.dkbfoodsolutions.com\/de\/project\/fishvergnuegen\/&#8220; align=&#8220;center&#8220; _builder_version=&#8220;4.27.4&#8243; _module_preset=&#8220;default&#8220; border_radii=&#8220;on|300px|300px|300px|300px&#8220; global_colors_info=&#8220;{}&#8220;][\/et_pb_image][et_pb_text _builder_version=&#8220;4.24.3&#8243; _module_preset=&#8220;default&#8220; text_font_size=&#8220;17px&#8220; header_2_font_size=&#8220;20px&#8220; custom_margin=&#8220;||50px||false|false&#8220; global_colors_info=&#8220;{}&#8220;]<\/p>\n<h2 style=\"text-align: center;\">Battermix Fish Treat<\/h2>\n<p style=\"text-align: center;\">Eine Teigmischung aus verschiedenen Mehlsorten, St\u00e4rke und Salz.<\/p>\n<p>[\/et_pb_text][\/et_pb_column][et_pb_column type=&#8220;1_4&#8243; _builder_version=&#8220;4.21.0&#8243; _module_preset=&#8220;default&#8220; global_colors_info=&#8220;{}&#8220;][et_pb_image src=&#8220;https:\/\/www.dkbfoodsolutions.com\/wp-content\/uploads\/2023\/04\/Oven-Batter-2.0.jpg&#8220; title_text=&#8220;Oven Batter 2.0&#8243; url=&#8220;https:\/\/www.dkbfoodsolutions.com\/de\/project\/fishvergnuegen\/&#8220; align=&#8220;center&#8220; _builder_version=&#8220;4.27.4&#8243; _module_preset=&#8220;default&#8220; border_radii=&#8220;on|300px|300px|300px|300px&#8220; global_colors_info=&#8220;{}&#8220;][\/et_pb_image][et_pb_text _builder_version=&#8220;4.27.4&#8243; _module_preset=&#8220;default&#8220; text_font_size=&#8220;17px&#8220; header_2_font_size=&#8220;20px&#8220; custom_margin=&#8220;||50px||false|false&#8220; global_colors_info=&#8220;{}&#8220;]<\/p>\n<h2 style=\"text-align: center;\">Oven Batter 2.0<\/h2>\n<p style=\"text-align: center;\">Dieser Teig macht Snacks f\u00fcr den Ofen sehr knusprig.<\/p>\n<p>[\/et_pb_text][\/et_pb_column][\/et_pb_row][\/et_pb_section]<\/p>\n","protected":false},"excerpt":{"rendered":"<p>Nasspanaden sind Mischungen auf der Basis von Mehl und St\u00e4rke mit eventuell zugesetzten Kr\u00e4utern und\/oder funktionellen Zusatzstoffen. Der Zweck dieser Produkte besteht darin, das Paniermehl festzuhalten. Die gezeigten Produkte dienen als Inspiration und zeigen unsere Geschmacksrichtungen und M\u00f6glichkeiten. Jedes Produkt wird schlie\u00dflich vollst\u00e4ndig ma\u00dfgeschneidert entwickelt, abgestimmt auf Ihre individuellen W\u00fcnsche.Battermix Camembert Die Nasspanade Camembert ist [&hellip;]<\/p>\n","protected":false},"author":3,"featured_media":0,"parent":0,"menu_order":0,"comment_status":"closed","ping_status":"closed","template":"","meta":{"_et_pb_use_builder":"on","_et_pb_old_content":"","_et_gb_content_width":"","footnotes":""},"class_list":["post-6148","page","type-page","status-publish","hentry"],"yoast_head":"<!-- This site is optimized with the Yoast SEO plugin v27.5 - https:\/\/yoast.com\/product\/yoast-seo-wordpress\/ -->\n<title>Batters - DKB Foodsolutions<\/title>\n<meta name=\"robots\" content=\"index, follow, max-snippet:-1, max-image-preview:large, max-video-preview:-1\" \/>\n<link rel=\"canonical\" href=\"https:\/\/www.dkbfoodsolutions.com\/de\/teige\/\" \/>\n<meta property=\"og:locale\" content=\"de_DE\" \/>\n<meta property=\"og:type\" content=\"article\" \/>\n<meta property=\"og:title\" content=\"Batters - DKB Foodsolutions\" \/>\n<meta property=\"og:description\" content=\"Nasspanaden sind Mischungen auf der Basis von Mehl und St\u00e4rke mit eventuell zugesetzten Kr\u00e4utern und\/oder funktionellen Zusatzstoffen. Der Zweck dieser Produkte besteht darin, das Paniermehl festzuhalten. Die gezeigten Produkte dienen als Inspiration und zeigen unsere Geschmacksrichtungen und M\u00f6glichkeiten. Jedes Produkt wird schlie\u00dflich vollst\u00e4ndig ma\u00dfgeschneidert entwickelt, abgestimmt auf Ihre individuellen W\u00fcnsche.Battermix Camembert Die Nasspanade Camembert ist [&hellip;]\" \/>\n<meta property=\"og:url\" content=\"https:\/\/www.dkbfoodsolutions.com\/de\/teige\/\" \/>\n<meta property=\"og:site_name\" content=\"DKB Foodsolutions\" \/>\n<meta property=\"article:modified_time\" content=\"2026-01-06T11:15:51+00:00\" \/>\n<meta name=\"twitter:card\" content=\"summary_large_image\" \/>\n<meta name=\"twitter:label1\" content=\"Gesch\u00e4tzte Lesezeit\" \/>\n\t<meta name=\"twitter:data1\" content=\"3\u00a0Minuten\" \/>\n<script type=\"application\/ld+json\" class=\"yoast-schema-graph\">{\"@context\":\"https:\\\/\\\/schema.org\",\"@graph\":[{\"@type\":\"WebPage\",\"@id\":\"https:\\\/\\\/www.dkbfoodsolutions.com\\\/de\\\/teige\\\/\",\"url\":\"https:\\\/\\\/www.dkbfoodsolutions.com\\\/de\\\/teige\\\/\",\"name\":\"Batters - DKB Foodsolutions\",\"isPartOf\":{\"@id\":\"https:\\\/\\\/www.dkbfoodsolutions.com\\\/de\\\/#website\"},\"datePublished\":\"2023-04-15T07:59:40+00:00\",\"dateModified\":\"2026-01-06T11:15:51+00:00\",\"breadcrumb\":{\"@id\":\"https:\\\/\\\/www.dkbfoodsolutions.com\\\/de\\\/teige\\\/#breadcrumb\"},\"inLanguage\":\"de\",\"potentialAction\":[{\"@type\":\"ReadAction\",\"target\":[\"https:\\\/\\\/www.dkbfoodsolutions.com\\\/de\\\/teige\\\/\"]}]},{\"@type\":\"BreadcrumbList\",\"@id\":\"https:\\\/\\\/www.dkbfoodsolutions.com\\\/de\\\/teige\\\/#breadcrumb\",\"itemListElement\":[{\"@type\":\"ListItem\",\"position\":1,\"name\":\"Home\",\"item\":\"https:\\\/\\\/www.dkbfoodsolutions.com\\\/de\\\/\"},{\"@type\":\"ListItem\",\"position\":2,\"name\":\"Batters\"}]},{\"@type\":\"WebSite\",\"@id\":\"https:\\\/\\\/www.dkbfoodsolutions.com\\\/de\\\/#website\",\"url\":\"https:\\\/\\\/www.dkbfoodsolutions.com\\\/de\\\/\",\"name\":\"DKB Foodsolutions\",\"description\":\"We know your taste\",\"potentialAction\":[{\"@type\":\"SearchAction\",\"target\":{\"@type\":\"EntryPoint\",\"urlTemplate\":\"https:\\\/\\\/www.dkbfoodsolutions.com\\\/de\\\/?s={search_term_string}\"},\"query-input\":{\"@type\":\"PropertyValueSpecification\",\"valueRequired\":true,\"valueName\":\"search_term_string\"}}],\"inLanguage\":\"de\"}]}<\/script>\n<!-- \/ Yoast SEO plugin. -->","yoast_head_json":{"title":"Batters - DKB Foodsolutions","robots":{"index":"index","follow":"follow","max-snippet":"max-snippet:-1","max-image-preview":"max-image-preview:large","max-video-preview":"max-video-preview:-1"},"canonical":"https:\/\/www.dkbfoodsolutions.com\/de\/teige\/","og_locale":"de_DE","og_type":"article","og_title":"Batters - DKB Foodsolutions","og_description":"Nasspanaden sind Mischungen auf der Basis von Mehl und St\u00e4rke mit eventuell zugesetzten Kr\u00e4utern und\/oder funktionellen Zusatzstoffen. Der Zweck dieser Produkte besteht darin, das Paniermehl festzuhalten. Die gezeigten Produkte dienen als Inspiration und zeigen unsere Geschmacksrichtungen und M\u00f6glichkeiten. Jedes Produkt wird schlie\u00dflich vollst\u00e4ndig ma\u00dfgeschneidert entwickelt, abgestimmt auf Ihre individuellen W\u00fcnsche.Battermix Camembert Die Nasspanade Camembert ist [&hellip;]","og_url":"https:\/\/www.dkbfoodsolutions.com\/de\/teige\/","og_site_name":"DKB Foodsolutions","article_modified_time":"2026-01-06T11:15:51+00:00","twitter_card":"summary_large_image","twitter_misc":{"Gesch\u00e4tzte Lesezeit":"3\u00a0Minuten"},"schema":{"@context":"https:\/\/schema.org","@graph":[{"@type":"WebPage","@id":"https:\/\/www.dkbfoodsolutions.com\/de\/teige\/","url":"https:\/\/www.dkbfoodsolutions.com\/de\/teige\/","name":"Batters - DKB Foodsolutions","isPartOf":{"@id":"https:\/\/www.dkbfoodsolutions.com\/de\/#website"},"datePublished":"2023-04-15T07:59:40+00:00","dateModified":"2026-01-06T11:15:51+00:00","breadcrumb":{"@id":"https:\/\/www.dkbfoodsolutions.com\/de\/teige\/#breadcrumb"},"inLanguage":"de","potentialAction":[{"@type":"ReadAction","target":["https:\/\/www.dkbfoodsolutions.com\/de\/teige\/"]}]},{"@type":"BreadcrumbList","@id":"https:\/\/www.dkbfoodsolutions.com\/de\/teige\/#breadcrumb","itemListElement":[{"@type":"ListItem","position":1,"name":"Home","item":"https:\/\/www.dkbfoodsolutions.com\/de\/"},{"@type":"ListItem","position":2,"name":"Batters"}]},{"@type":"WebSite","@id":"https:\/\/www.dkbfoodsolutions.com\/de\/#website","url":"https:\/\/www.dkbfoodsolutions.com\/de\/","name":"DKB Foodsolutions","description":"We know your taste","potentialAction":[{"@type":"SearchAction","target":{"@type":"EntryPoint","urlTemplate":"https:\/\/www.dkbfoodsolutions.com\/de\/?s={search_term_string}"},"query-input":{"@type":"PropertyValueSpecification","valueRequired":true,"valueName":"search_term_string"}}],"inLanguage":"de"}]}},"_links":{"self":[{"href":"https:\/\/www.dkbfoodsolutions.com\/de\/wp-json\/wp\/v2\/pages\/6148","targetHints":{"allow":["GET"]}}],"collection":[{"href":"https:\/\/www.dkbfoodsolutions.com\/de\/wp-json\/wp\/v2\/pages"}],"about":[{"href":"https:\/\/www.dkbfoodsolutions.com\/de\/wp-json\/wp\/v2\/types\/page"}],"author":[{"embeddable":true,"href":"https:\/\/www.dkbfoodsolutions.com\/de\/wp-json\/wp\/v2\/users\/3"}],"replies":[{"embeddable":true,"href":"https:\/\/www.dkbfoodsolutions.com\/de\/wp-json\/wp\/v2\/comments?post=6148"}],"version-history":[{"count":13,"href":"https:\/\/www.dkbfoodsolutions.com\/de\/wp-json\/wp\/v2\/pages\/6148\/revisions"}],"predecessor-version":[{"id":8893,"href":"https:\/\/www.dkbfoodsolutions.com\/de\/wp-json\/wp\/v2\/pages\/6148\/revisions\/8893"}],"wp:attachment":[{"href":"https:\/\/www.dkbfoodsolutions.com\/de\/wp-json\/wp\/v2\/media?parent=6148"}],"curies":[{"name":"wp","href":"https:\/\/api.w.org\/{rel}","templated":true}]}}