{"id":8309,"date":"2025-06-16T13:03:31","date_gmt":"2025-06-16T13:03:31","guid":{"rendered":"https:\/\/www.dkbfoodsolutions.com\/magazine\/"},"modified":"2025-08-12T14:25:23","modified_gmt":"2025-08-12T14:25:23","slug":"magazine","status":"publish","type":"page","link":"https:\/\/www.dkbfoodsolutions.com\/de\/magazine\/","title":{"rendered":"Magazine"},"content":{"rendered":"<p>[et_pb_section fb_built=&#8220;1&#8243; _builder_version=&#8220;4.24.3&#8243; use_background_color_gradient=&#8220;on&#8220; background_color_gradient_direction=&#8220;87deg&#8220; background_color_gradient_stops=&#8220;rgba(0,0,0,0.69) 0%|rgba(255,255,255,0) 100%&#8220; background_color_gradient_overlays_image=&#8220;on&#8220; background_image=&#8220;https:\/\/www.dkbfoodsolutions.com\/wp-content\/uploads\/2025\/07\/dkb-slider-magazines.jpg&#8220; background_blend=&#8220;luminosity&#8220; min_height=&#8220;700px&#8220; min_height_tablet=&#8220;1000px&#8220; min_height_phone=&#8220;650px&#8220; min_height_last_edited=&#8220;on|phone&#8220; custom_margin=&#8220;||||false|false&#8220; custom_padding=&#8220;||||false|false&#8220; animation_style=&#8220;fade&#8220; background_last_edited=&#8220;on|desktop&#8220; background_position_phone=&#8220;top_center&#8220; custom_css_free_form=&#8220;selector {||display: flex;||justify-content: center;||align-content: center;||}&#8220; locked=&#8220;off&#8220; global_colors_info=&#8220;{}&#8220;][\/et_pb_section][et_pb_section fb_built=&#8220;1&#8243; _builder_version=&#8220;4.19.5&#8243; _module_preset=&#8220;default&#8220; background_enable_color=&#8220;off&#8220; global_colors_info=&#8220;{}&#8220;][et_pb_row _builder_version=&#8220;4.24.3&#8243; _module_preset=&#8220;default&#8220; custom_margin=&#8220;||||false|false&#8220; global_colors_info=&#8220;{}&#8220;][et_pb_column type=&#8220;4_4&#8243; _builder_version=&#8220;4.20.2&#8243; _module_preset=&#8220;default&#8220; global_colors_info=&#8220;{}&#8220;][et_pb_text _builder_version=&#8220;4.24.3&#8243; _module_preset=&#8220;default&#8220; global_colors_info=&#8220;{}&#8220;]<\/p>\n<h2 style=\"text-align: center;\">Inspirierende Magazine<\/h2>\n<p>[\/et_pb_text][et_pb_text _builder_version=&#8220;4.24.3&#8243; _module_preset=&#8220;default&#8220; hover_enabled=&#8220;0&#8243; global_colors_info=&#8220;{}&#8220; sticky_enabled=&#8220;0&#8243;]<\/p>\n<p style=\"text-align: center;\">Wilkommen auf unserer Seite f\u00fcr Food-Liebhaber! Hier finden Sie unsere Inspirationsmagazine voller kreativer Anwendungen und \u00fcberraschender Kombinationen mit den Produkten von DKB Foodsolutions. Jede Ausgabe bietet Ihnen neue Ideen, um Ihr Sortiment zu bereichern und Ihre Kunden zu begeistern.<\/p>\n<p style=\"text-align: center;\">Klicken Sie auf ein Magazin, um direkt online darin zu bl\u00e4ttern, und entdecken Sie, wie Sie mit unseren kreativen L\u00f6sungen mehr Wert mit Ihrer Produktentwicklung umsetzen k\u00f6nnen.<\/p>\n<p style=\"text-align: center;\">Von Beschichtungsl\u00f6sungen, Gew\u00fcrzmischungen und Saucen bis hin zu unseren Paniermehl(mischungen).<br \/>\nNeugierig auf Ihre eigene Signatur, we know your taste.<\/p>\n<p>[\/et_pb_text][et_pb_text _builder_version=&#8220;4.24.3&#8243; _module_preset=&#8220;default&#8220; hover_enabled=&#8220;0&#8243; global_colors_info=&#8220;{}&#8220; sticky_enabled=&#8220;0&#8243;]<\/p>\n<div class=\"book-shelf\" style=\"background-color:;padding:0px; max-width:836px!important;\"><div class=\"book-shelf-covers\" style=\"justify-content:center; gap: 10px;\"><div class=\"real3dflipbook\" id=\"33_69de533195367\" style=\"position:absolute;\"><\/div><div class=\"real3dflipbook\" id=\"15_69de5331955bd\" style=\"position:absolute;\"><\/div><div class=\"real3dflipbook\" id=\"14_69de5331956ef\" style=\"position:absolute;\"><\/div><\/div><img decoding=\"async\" class=\"book-shelf-img\" style=\"z-index:0; height: auto; max-width: 100%; vertical-align: top; margin: 0 auto; transform:translateY(-12%); \" class=\"shelf_img\" alt=\"Shelf Wood\" src=\"https:\/\/www.dkbfoodsolutions.com\/wp-content\/plugins\/book-shelf\/\/img\/shelf_metal.webp\"><\/div><div class=\"book-shelf\" style=\"background-color:;padding:0px; max-width:836px!important;\"><div class=\"book-shelf-covers\" style=\"justify-content:center; gap: 10px;\"><div class=\"real3dflipbook\" id=\"13_69de53319582d\" style=\"position:absolute;\"><\/div><div class=\"real3dflipbook\" id=\"37_69de53319596b\" style=\"position:absolute;\"><\/div><div class=\"real3dflipbook\" id=\"22_69de533195a92\" style=\"position:absolute;\"><\/div><\/div><img decoding=\"async\" class=\"book-shelf-img\" style=\"z-index:0; height: auto; max-width: 100%; vertical-align: top; margin: 0 auto; transform:translateY(-12%); \" class=\"shelf_img\" alt=\"Shelf Wood\" src=\"https:\/\/www.dkbfoodsolutions.com\/wp-content\/plugins\/book-shelf\/\/img\/shelf_metal.webp\"><\/div><div class=\"book-shelf\" style=\"background-color:;padding:0px; max-width:836px!important;\"><div class=\"book-shelf-covers\" style=\"justify-content:center; gap: 10px;\"><div class=\"real3dflipbook\" id=\"25_69de533195bb2\" style=\"position:absolute;\"><\/div><div class=\"real3dflipbook\" id=\"28_69de533195cf8\" style=\"position:absolute;\"><\/div><div class=\"real3dflipbook\" id=\"31_69de533195e1f\" style=\"position:absolute;\"><\/div><\/div><img decoding=\"async\" class=\"book-shelf-img\" style=\"z-index:0; height: auto; max-width: 100%; vertical-align: top; margin: 0 auto; transform:translateY(-12%); \" class=\"shelf_img\" alt=\"Shelf Wood\" src=\"https:\/\/www.dkbfoodsolutions.com\/wp-content\/plugins\/book-shelf\/\/img\/shelf_metal.webp\"><\/div><div class=\"book-shelf\" style=\"background-color:;padding:0px; max-width:836px!important;\"><div class=\"book-shelf-covers\" style=\"justify-content:center; gap: 10px;\"><div class=\"real3dflipbook\" id=\"41_69de533195f48\" style=\"position:absolute;\"><\/div><\/div><img decoding=\"async\" class=\"book-shelf-img\" style=\"z-index:0; height: auto; max-width: 100%; vertical-align: top; margin: 0 auto; transform:translateY(-12%); \" class=\"shelf_img\" alt=\"Shelf Wood\" src=\"https:\/\/www.dkbfoodsolutions.com\/wp-content\/plugins\/book-shelf\/\/img\/shelf_metal.webp\"><\/div>\n<p>[\/et_pb_text][\/et_pb_column][\/et_pb_row][\/et_pb_section]<\/p>\n","protected":false},"excerpt":{"rendered":"<p>[et_pb_section fb_built=&#8220;1&#8243; _builder_version=&#8220;4.24.3&#8243; use_background_color_gradient=&#8220;on&#8220; background_color_gradient_direction=&#8220;87deg&#8220; background_color_gradient_stops=&#8220;rgba(0,0,0,0.69) 0%|rgba(255,255,255,0) 100%&#8220; background_color_gradient_overlays_image=&#8220;on&#8220; background_image=&#8220;https:\/\/www.dkbfoodsolutions.com\/wp-content\/uploads\/2025\/07\/dkb-slider-magazines.jpg&#8220; background_blend=&#8220;luminosity&#8220; min_height=&#8220;700px&#8220; min_height_tablet=&#8220;1000px&#8220; min_height_phone=&#8220;650px&#8220; min_height_last_edited=&#8220;on|phone&#8220; custom_margin=&#8220;||||false|false&#8220; custom_padding=&#8220;||||false|false&#8220; animation_style=&#8220;fade&#8220; background_last_edited=&#8220;on|desktop&#8220; background_position_phone=&#8220;top_center&#8220; custom_css_free_form=&#8220;selector {||display: flex;||justify-content: center;||align-content: center;||}&#8220; locked=&#8220;off&#8220; global_colors_info=&#8220;{}&#8220;][\/et_pb_section][et_pb_section fb_built=&#8220;1&#8243; _builder_version=&#8220;4.19.5&#8243; _module_preset=&#8220;default&#8220; background_enable_color=&#8220;off&#8220; global_colors_info=&#8220;{}&#8220;][et_pb_row _builder_version=&#8220;4.24.3&#8243; _module_preset=&#8220;default&#8220; custom_margin=&#8220;||||false|false&#8220; global_colors_info=&#8220;{}&#8220;][et_pb_column type=&#8220;4_4&#8243; _builder_version=&#8220;4.20.2&#8243; _module_preset=&#8220;default&#8220; global_colors_info=&#8220;{}&#8220;][et_pb_text _builder_version=&#8220;4.24.3&#8243; _module_preset=&#8220;default&#8220; global_colors_info=&#8220;{}&#8220;] Inspirierende Magazine [\/et_pb_text][et_pb_text _builder_version=&#8220;4.24.3&#8243; _module_preset=&#8220;default&#8220; hover_enabled=&#8220;0&#8243; global_colors_info=&#8220;{}&#8220; sticky_enabled=&#8220;0&#8243;] Wilkommen auf unserer Seite [&hellip;]<\/p>\n","protected":false},"author":3,"featured_media":0,"parent":0,"menu_order":0,"comment_status":"closed","ping_status":"closed","template":"","meta":{"_et_pb_use_builder":"on","_et_pb_old_content":"","_et_gb_content_width":"","footnotes":""},"class_list":["post-8309","page","type-page","status-publish","hentry"],"yoast_head":"<!-- This site is optimized with the Yoast SEO plugin v27.3 - https:\/\/yoast.com\/product\/yoast-seo-wordpress\/ -->\n<title>Magazine - DKB Foodsolutions<\/title>\n<meta name=\"robots\" content=\"index, follow, max-snippet:-1, max-image-preview:large, max-video-preview:-1\" \/>\n<link rel=\"canonical\" href=\"https:\/\/www.dkbfoodsolutions.com\/de\/magazine\/\" \/>\n<meta property=\"og:locale\" content=\"de_DE\" \/>\n<meta property=\"og:type\" content=\"article\" \/>\n<meta property=\"og:title\" content=\"Magazine - DKB Foodsolutions\" \/>\n<meta property=\"og:description\" content=\"[et_pb_section fb_built=&#8220;1&#8243; _builder_version=&#8220;4.24.3&#8243; use_background_color_gradient=&#8220;on&#8220; background_color_gradient_direction=&#8220;87deg&#8220; background_color_gradient_stops=&#8220;rgba(0,0,0,0.69) 0%|rgba(255,255,255,0) 100%&#8220; background_color_gradient_overlays_image=&#8220;on&#8220; background_image=&#8220;https:\/\/www.dkbfoodsolutions.com\/wp-content\/uploads\/2025\/07\/dkb-slider-magazines.jpg&#8220; background_blend=&#8220;luminosity&#8220; min_height=&#8220;700px&#8220; min_height_tablet=&#8220;1000px&#8220; min_height_phone=&#8220;650px&#8220; min_height_last_edited=&#8220;on|phone&#8220; custom_margin=&#8220;||||false|false&#8220; custom_padding=&#8220;||||false|false&#8220; animation_style=&#8220;fade&#8220; background_last_edited=&#8220;on|desktop&#8220; background_position_phone=&#8220;top_center&#8220; custom_css_free_form=&#8220;selector {||display: flex;||justify-content: center;||align-content: center;||}&#8220; locked=&#8220;off&#8220; global_colors_info=&#8220;{}&#8220;][\/et_pb_section][et_pb_section fb_built=&#8220;1&#8243; _builder_version=&#8220;4.19.5&#8243; _module_preset=&#8220;default&#8220; background_enable_color=&#8220;off&#8220; global_colors_info=&#8220;{}&#8220;][et_pb_row _builder_version=&#8220;4.24.3&#8243; _module_preset=&#8220;default&#8220; custom_margin=&#8220;||||false|false&#8220; global_colors_info=&#8220;{}&#8220;][et_pb_column type=&#8220;4_4&#8243; _builder_version=&#8220;4.20.2&#8243; _module_preset=&#8220;default&#8220; global_colors_info=&#8220;{}&#8220;][et_pb_text _builder_version=&#8220;4.24.3&#8243; _module_preset=&#8220;default&#8220; global_colors_info=&#8220;{}&#8220;] Inspirierende Magazine [\/et_pb_text][et_pb_text _builder_version=&#8220;4.24.3&#8243; _module_preset=&#8220;default&#8220; hover_enabled=&#8220;0&#8243; global_colors_info=&#8220;{}&#8220; sticky_enabled=&#8220;0&#8243;] Wilkommen auf unserer Seite [&hellip;]\" \/>\n<meta property=\"og:url\" content=\"https:\/\/www.dkbfoodsolutions.com\/de\/magazine\/\" \/>\n<meta property=\"og:site_name\" content=\"DKB Foodsolutions\" \/>\n<meta property=\"article:modified_time\" content=\"2025-08-12T14:25:23+00:00\" \/>\n<meta name=\"twitter:card\" content=\"summary_large_image\" \/>\n<meta name=\"twitter:label1\" content=\"Gesch\u00e4tzte Lesezeit\" \/>\n\t<meta name=\"twitter:data1\" content=\"1\u00a0Minute\" \/>\n<script type=\"application\/ld+json\" class=\"yoast-schema-graph\">{\"@context\":\"https:\\\/\\\/schema.org\",\"@graph\":[{\"@type\":\"WebPage\",\"@id\":\"https:\\\/\\\/www.dkbfoodsolutions.com\\\/de\\\/magazine\\\/\",\"url\":\"https:\\\/\\\/www.dkbfoodsolutions.com\\\/de\\\/magazine\\\/\",\"name\":\"Magazine - DKB Foodsolutions\",\"isPartOf\":{\"@id\":\"https:\\\/\\\/www.dkbfoodsolutions.com\\\/de\\\/#website\"},\"datePublished\":\"2025-06-16T13:03:31+00:00\",\"dateModified\":\"2025-08-12T14:25:23+00:00\",\"breadcrumb\":{\"@id\":\"https:\\\/\\\/www.dkbfoodsolutions.com\\\/de\\\/magazine\\\/#breadcrumb\"},\"inLanguage\":\"de\",\"potentialAction\":[{\"@type\":\"ReadAction\",\"target\":[\"https:\\\/\\\/www.dkbfoodsolutions.com\\\/de\\\/magazine\\\/\"]}]},{\"@type\":\"BreadcrumbList\",\"@id\":\"https:\\\/\\\/www.dkbfoodsolutions.com\\\/de\\\/magazine\\\/#breadcrumb\",\"itemListElement\":[{\"@type\":\"ListItem\",\"position\":1,\"name\":\"Home\",\"item\":\"https:\\\/\\\/www.dkbfoodsolutions.com\\\/de\\\/\"},{\"@type\":\"ListItem\",\"position\":2,\"name\":\"Magazine\"}]},{\"@type\":\"WebSite\",\"@id\":\"https:\\\/\\\/www.dkbfoodsolutions.com\\\/de\\\/#website\",\"url\":\"https:\\\/\\\/www.dkbfoodsolutions.com\\\/de\\\/\",\"name\":\"DKB Foodsolutions\",\"description\":\"We know your taste\",\"potentialAction\":[{\"@type\":\"SearchAction\",\"target\":{\"@type\":\"EntryPoint\",\"urlTemplate\":\"https:\\\/\\\/www.dkbfoodsolutions.com\\\/de\\\/?s={search_term_string}\"},\"query-input\":{\"@type\":\"PropertyValueSpecification\",\"valueRequired\":true,\"valueName\":\"search_term_string\"}}],\"inLanguage\":\"de\"}]}<\/script>\n<!-- \/ Yoast SEO plugin. -->","yoast_head_json":{"title":"Magazine - DKB Foodsolutions","robots":{"index":"index","follow":"follow","max-snippet":"max-snippet:-1","max-image-preview":"max-image-preview:large","max-video-preview":"max-video-preview:-1"},"canonical":"https:\/\/www.dkbfoodsolutions.com\/de\/magazine\/","og_locale":"de_DE","og_type":"article","og_title":"Magazine - DKB Foodsolutions","og_description":"[et_pb_section fb_built=&#8220;1&#8243; _builder_version=&#8220;4.24.3&#8243; use_background_color_gradient=&#8220;on&#8220; background_color_gradient_direction=&#8220;87deg&#8220; background_color_gradient_stops=&#8220;rgba(0,0,0,0.69) 0%|rgba(255,255,255,0) 100%&#8220; background_color_gradient_overlays_image=&#8220;on&#8220; background_image=&#8220;https:\/\/www.dkbfoodsolutions.com\/wp-content\/uploads\/2025\/07\/dkb-slider-magazines.jpg&#8220; background_blend=&#8220;luminosity&#8220; min_height=&#8220;700px&#8220; min_height_tablet=&#8220;1000px&#8220; min_height_phone=&#8220;650px&#8220; min_height_last_edited=&#8220;on|phone&#8220; custom_margin=&#8220;||||false|false&#8220; custom_padding=&#8220;||||false|false&#8220; animation_style=&#8220;fade&#8220; background_last_edited=&#8220;on|desktop&#8220; background_position_phone=&#8220;top_center&#8220; custom_css_free_form=&#8220;selector {||display: flex;||justify-content: center;||align-content: center;||}&#8220; locked=&#8220;off&#8220; global_colors_info=&#8220;{}&#8220;][\/et_pb_section][et_pb_section fb_built=&#8220;1&#8243; _builder_version=&#8220;4.19.5&#8243; _module_preset=&#8220;default&#8220; background_enable_color=&#8220;off&#8220; global_colors_info=&#8220;{}&#8220;][et_pb_row _builder_version=&#8220;4.24.3&#8243; _module_preset=&#8220;default&#8220; custom_margin=&#8220;||||false|false&#8220; global_colors_info=&#8220;{}&#8220;][et_pb_column type=&#8220;4_4&#8243; _builder_version=&#8220;4.20.2&#8243; _module_preset=&#8220;default&#8220; global_colors_info=&#8220;{}&#8220;][et_pb_text _builder_version=&#8220;4.24.3&#8243; _module_preset=&#8220;default&#8220; global_colors_info=&#8220;{}&#8220;] Inspirierende Magazine [\/et_pb_text][et_pb_text _builder_version=&#8220;4.24.3&#8243; _module_preset=&#8220;default&#8220; hover_enabled=&#8220;0&#8243; global_colors_info=&#8220;{}&#8220; sticky_enabled=&#8220;0&#8243;] Wilkommen auf unserer Seite [&hellip;]","og_url":"https:\/\/www.dkbfoodsolutions.com\/de\/magazine\/","og_site_name":"DKB Foodsolutions","article_modified_time":"2025-08-12T14:25:23+00:00","twitter_card":"summary_large_image","twitter_misc":{"Gesch\u00e4tzte Lesezeit":"1\u00a0Minute"},"schema":{"@context":"https:\/\/schema.org","@graph":[{"@type":"WebPage","@id":"https:\/\/www.dkbfoodsolutions.com\/de\/magazine\/","url":"https:\/\/www.dkbfoodsolutions.com\/de\/magazine\/","name":"Magazine - DKB Foodsolutions","isPartOf":{"@id":"https:\/\/www.dkbfoodsolutions.com\/de\/#website"},"datePublished":"2025-06-16T13:03:31+00:00","dateModified":"2025-08-12T14:25:23+00:00","breadcrumb":{"@id":"https:\/\/www.dkbfoodsolutions.com\/de\/magazine\/#breadcrumb"},"inLanguage":"de","potentialAction":[{"@type":"ReadAction","target":["https:\/\/www.dkbfoodsolutions.com\/de\/magazine\/"]}]},{"@type":"BreadcrumbList","@id":"https:\/\/www.dkbfoodsolutions.com\/de\/magazine\/#breadcrumb","itemListElement":[{"@type":"ListItem","position":1,"name":"Home","item":"https:\/\/www.dkbfoodsolutions.com\/de\/"},{"@type":"ListItem","position":2,"name":"Magazine"}]},{"@type":"WebSite","@id":"https:\/\/www.dkbfoodsolutions.com\/de\/#website","url":"https:\/\/www.dkbfoodsolutions.com\/de\/","name":"DKB Foodsolutions","description":"We know your taste","potentialAction":[{"@type":"SearchAction","target":{"@type":"EntryPoint","urlTemplate":"https:\/\/www.dkbfoodsolutions.com\/de\/?s={search_term_string}"},"query-input":{"@type":"PropertyValueSpecification","valueRequired":true,"valueName":"search_term_string"}}],"inLanguage":"de"}]}},"_links":{"self":[{"href":"https:\/\/www.dkbfoodsolutions.com\/de\/wp-json\/wp\/v2\/pages\/8309","targetHints":{"allow":["GET"]}}],"collection":[{"href":"https:\/\/www.dkbfoodsolutions.com\/de\/wp-json\/wp\/v2\/pages"}],"about":[{"href":"https:\/\/www.dkbfoodsolutions.com\/de\/wp-json\/wp\/v2\/types\/page"}],"author":[{"embeddable":true,"href":"https:\/\/www.dkbfoodsolutions.com\/de\/wp-json\/wp\/v2\/users\/3"}],"replies":[{"embeddable":true,"href":"https:\/\/www.dkbfoodsolutions.com\/de\/wp-json\/wp\/v2\/comments?post=8309"}],"version-history":[{"count":6,"href":"https:\/\/www.dkbfoodsolutions.com\/de\/wp-json\/wp\/v2\/pages\/8309\/revisions"}],"predecessor-version":[{"id":8321,"href":"https:\/\/www.dkbfoodsolutions.com\/de\/wp-json\/wp\/v2\/pages\/8309\/revisions\/8321"}],"wp:attachment":[{"href":"https:\/\/www.dkbfoodsolutions.com\/de\/wp-json\/wp\/v2\/media?parent=8309"}],"curies":[{"name":"wp","href":"https:\/\/api.w.org\/{rel}","templated":true}]}}